{"id":25,"date":"2018-10-16T11:06:27","date_gmt":"2018-10-16T09:06:27","guid":{"rendered":"https:\/\/www.sz-breitnau.de\/shop\/?page_id=25"},"modified":"2022-07-05T14:07:54","modified_gmt":"2022-07-05T12:07:54","slug":"herzlich-willkommen","status":"publish","type":"page","link":"https:\/\/www.sz-breitnau.de\/shop\/","title":{"rendered":"Herzlich willkommen"},"content":{"rendered":"<p>Herzlich willkommen im Fan-Shop der Ski-Zunft Breitnau.<br \/>\nHier findest du die komplette Auswahl unserer Vereinskleidung f\u00fcr klein und GRO\u00df.<\/p>\n<p><strong>Bestellberechtigt sind ausschlie\u00dflich Mitglieder der Ski-Zunft Breitnau e.V.<\/strong><br \/>\nWillst du also unsere Vereinskleidung und bist noch kein Mitglied, darft du uns sehr gerne beitreten. Weitere Infos dazu <a href=\"https:\/\/www.sz-breitnau.de\/der-verein\" target=\"_blank\" rel=\"noopener noreferrer\">hier&#8230;<\/a><\/p>\n<p>Deine verbindliche Vorbestellung kannst du hier eingeben und abschicken. Die M\u00f6glichkeit zur Anprobe sowie die anschlie\u00dfende Bezahlung und Abholung l\u00e4uft \u00fcber unseren Partner &#8220;<a href=\"https:\/\/www.sz-breitnau.de\/shop\/anfahrt-oeffnungszeiten\/\"><em>Raumausstattung Lickert<\/em><\/a>&#8221; in Breitnau.<\/p>\n<p><strong>Winter Allgemein:<\/strong> Lagerbestand \/ Kann jederzeit bei Fa. Lickert abgeholt werden.<br \/>\n<strong>Langlauf:<\/strong> Nur auf Bestellung \/ Bestell-Schluss: <em>Montag, 18.07.2022<\/em><\/p>\n<hr \/>\n<h3 style=\"text-align: center;\"><strong>Sportarten<\/strong><\/h3>\n<div class=\"woocommerce columns-4\"><ul class=\"products columns-4\">\n<li class=\"product-category product first\">\n\t<a aria-label=\"Produktkategorie Allgemein Winter besuchen\" href=\"https:\/\/www.sz-breitnau.de\/shop\/produkt-kategorie\/allgemein-winter\/\"><img loading=\"lazy\" decoding=\"async\" src=\"https:\/\/www.sz-breitnau.de\/shop\/wp-content\/uploads\/2018\/10\/SZ-Muetze_1000x1000-300x300.jpg\" alt=\"Allgemein Winter\" width=\"300\" height=\"300\" srcset=\"https:\/\/www.sz-breitnau.de\/shop\/wp-content\/uploads\/2018\/10\/SZ-Muetze_1000x1000-300x300.jpg 300w, https:\/\/www.sz-breitnau.de\/shop\/wp-content\/uploads\/2018\/10\/SZ-Muetze_1000x1000-150x150.jpg 150w, https:\/\/www.sz-breitnau.de\/shop\/wp-content\/uploads\/2018\/10\/SZ-Muetze_1000x1000-768x768.jpg 768w, https:\/\/www.sz-breitnau.de\/shop\/wp-content\/uploads\/2018\/10\/SZ-Muetze_1000x1000-600x600.jpg 600w, https:\/\/www.sz-breitnau.de\/shop\/wp-content\/uploads\/2018\/10\/SZ-Muetze_1000x1000-100x100.jpg 100w, https:\/\/www.sz-breitnau.de\/shop\/wp-content\/uploads\/2018\/10\/SZ-Muetze_1000x1000.jpg 1000w\" sizes=\"auto, (max-width: 300px) 100vw, 300px\" \/>\t\t<h2 class=\"woocommerce-loop-category__title\">\n\t\t\tAllgemein Winter <mark class=\"count\">(8)<\/mark>\t\t<\/h2>\n\t\t<\/a><\/li>\n<li class=\"product-category product\">\n\t<a aria-label=\"Produktkategorie Langlauf besuchen\" href=\"https:\/\/www.sz-breitnau.de\/shop\/produkt-kategorie\/langlauf\/\"><img loading=\"lazy\" decoding=\"async\" src=\"https:\/\/www.sz-breitnau.de\/shop\/wp-content\/uploads\/2018\/11\/LL-Jacke-gelb_vorne-300x300.jpg\" alt=\"Langlauf\" width=\"300\" height=\"300\" srcset=\"https:\/\/www.sz-breitnau.de\/shop\/wp-content\/uploads\/2018\/11\/LL-Jacke-gelb_vorne-300x300.jpg 300w, https:\/\/www.sz-breitnau.de\/shop\/wp-content\/uploads\/2018\/11\/LL-Jacke-gelb_vorne-150x150.jpg 150w, https:\/\/www.sz-breitnau.de\/shop\/wp-content\/uploads\/2018\/11\/LL-Jacke-gelb_vorne-100x100.jpg 100w\" sizes=\"auto, (max-width: 300px) 100vw, 300px\" \/>\t\t<h2 class=\"woocommerce-loop-category__title\">\n\t\t\tLanglauf <mark class=\"count\">(21)<\/mark>\t\t<\/h2>\n\t\t<\/a><\/li>\n<\/ul>\n<\/div>\n<hr \/>\n","protected":false},"excerpt":{"rendered":"<p>Herzlich willkommen im Fan-Shop der Ski-Zunft Breitnau. Hier findest du die komplette Auswahl unserer Vereinskleidung f\u00fcr klein und GRO\u00df. Bestellberechtigt sind ausschlie\u00dflich Mitglieder der Ski-Zunft Breitnau e.V. Willst du also unsere Vereinskleidung und bist noch kein Mitglied, darft du uns&hellip;<\/p>\n","protected":false},"author":1,"featured_media":0,"parent":0,"menu_order":0,"comment_status":"closed","ping_status":"closed","template":"template-home.php","meta":{"_exactmetrics_skip_tracking":false,"_exactmetrics_sitenote_active":false,"_exactmetrics_sitenote_note":"","_exactmetrics_sitenote_category":0,"footnotes":""},"class_list":["post-25","page","type-page","status-publish","hentry"],"_links":{"self":[{"href":"https:\/\/www.sz-breitnau.de\/shop\/wp-json\/wp\/v2\/pages\/25","targetHints":{"allow":["GET"]}}],"collection":[{"href":"https:\/\/www.sz-breitnau.de\/shop\/wp-json\/wp\/v2\/pages"}],"about":[{"href":"https:\/\/www.sz-breitnau.de\/shop\/wp-json\/wp\/v2\/types\/page"}],"author":[{"embeddable":true,"href":"https:\/\/www.sz-breitnau.de\/shop\/wp-json\/wp\/v2\/users\/1"}],"replies":[{"embeddable":true,"href":"https:\/\/www.sz-breitnau.de\/shop\/wp-json\/wp\/v2\/comments?post=25"}],"version-history":[{"count":14,"href":"https:\/\/www.sz-breitnau.de\/shop\/wp-json\/wp\/v2\/pages\/25\/revisions"}],"predecessor-version":[{"id":811,"href":"https:\/\/www.sz-breitnau.de\/shop\/wp-json\/wp\/v2\/pages\/25\/revisions\/811"}],"wp:attachment":[{"href":"https:\/\/www.sz-breitnau.de\/shop\/wp-json\/wp\/v2\/media?parent=25"}],"curies":[{"name":"wp","href":"https:\/\/api.w.org\/{rel}","templated":true}]}}