{"id":115,"date":"2018-10-16T20:41:22","date_gmt":"2018-10-16T18:41:22","guid":{"rendered":"https:\/\/www.sz-breitnau.de\/shop\/?page_id=115"},"modified":"2018-10-21T11:36:59","modified_gmt":"2018-10-21T09:36:59","slug":"anfahrt-oeffnungszeiten","status":"publish","type":"page","link":"https:\/\/www.sz-breitnau.de\/shop\/anfahrt-oeffnungszeiten\/","title":{"rendered":"Anfahrt \/ \u00d6ffnungszeiten"},"content":{"rendered":"<p>Deine verbindliche Vorbestellung kannst du hier in unserem Online-Shop eingeben und abschicken.<br \/>\nDie M\u00f6glichkeit zur Anprobe sowie die anschlie\u00dfende Bezahlung und Abholung l\u00e4uft \u00fcber unseren Partner \u201c<em>Raumausstattung Lickert<\/em>\u201d in Breitnau.<\/p>\n<p><strong>Adresse:<\/strong><br \/>\n<em>Raumausstattung Lickert<\/em><br \/>\nDorfstra\u00dfe 22<br \/>\n79874 Breitnau<br \/>\nTel. 0 76 52 &#8211; 17 48<br \/>\n<a href=\"mailto:info@lickert.org\" target=\"_blank\" rel=\"noopener\">info@lickert.org<\/a><br \/>\n<a href=\"http:\/\/www.lickert.org\/\" target=\"_blank\" rel=\"noopener\">www.lickert.org<\/a><\/p>\n<p><strong>\u00d6ffnungszeiten:<\/strong><br \/>\nMo-Sa 9:00-12:00<br \/>\nMo-Fr 14:00-18:00<\/p>\n<p><iframe loading=\"lazy\" src=\"https:\/\/www.google.com\/maps\/embed?pb=!1m14!1m8!1m3!1d10691.431462762923!2d8.084704!3d47.939133!3m2!1i1024!2i768!4f13.1!3m3!1m2!1s0x0%3A0x5e50263ebb28c918!2sRaumausstattung+LICKERT+e.K.!5e0!3m2!1sde!2sde!4v1523991966596\" width=\"400\" height=\"300\" frameborder=\"0\" allowfullscreen=\"allowfullscreen\" data-mce-fragment=\"1\"><\/iframe><\/p>\n","protected":false},"excerpt":{"rendered":"<p>Deine verbindliche Vorbestellung kannst du hier in unserem Online-Shop eingeben und abschicken. Die M\u00f6glichkeit zur Anprobe sowie die anschlie\u00dfende Bezahlung und Abholung l\u00e4uft \u00fcber unseren Partner \u201cRaumausstattung Lickert\u201d in Breitnau. Adresse: Raumausstattung Lickert Dorfstra\u00dfe 22 79874 Breitnau Tel. 0 76&hellip;<\/p>\n","protected":false},"author":1,"featured_media":0,"parent":0,"menu_order":0,"comment_status":"closed","ping_status":"closed","template":"","meta":{"_exactmetrics_skip_tracking":false,"_exactmetrics_sitenote_active":false,"_exactmetrics_sitenote_note":"","_exactmetrics_sitenote_category":0,"footnotes":""},"class_list":["post-115","page","type-page","status-publish","hentry"],"_links":{"self":[{"href":"https:\/\/www.sz-breitnau.de\/shop\/wp-json\/wp\/v2\/pages\/115","targetHints":{"allow":["GET"]}}],"collection":[{"href":"https:\/\/www.sz-breitnau.de\/shop\/wp-json\/wp\/v2\/pages"}],"about":[{"href":"https:\/\/www.sz-breitnau.de\/shop\/wp-json\/wp\/v2\/types\/page"}],"author":[{"embeddable":true,"href":"https:\/\/www.sz-breitnau.de\/shop\/wp-json\/wp\/v2\/users\/1"}],"replies":[{"embeddable":true,"href":"https:\/\/www.sz-breitnau.de\/shop\/wp-json\/wp\/v2\/comments?post=115"}],"version-history":[{"count":3,"href":"https:\/\/www.sz-breitnau.de\/shop\/wp-json\/wp\/v2\/pages\/115\/revisions"}],"predecessor-version":[{"id":256,"href":"https:\/\/www.sz-breitnau.de\/shop\/wp-json\/wp\/v2\/pages\/115\/revisions\/256"}],"wp:attachment":[{"href":"https:\/\/www.sz-breitnau.de\/shop\/wp-json\/wp\/v2\/media?parent=115"}],"curies":[{"name":"wp","href":"https:\/\/api.w.org\/{rel}","templated":true}]}}